{"id":378,"date":"2014-01-14T18:37:59","date_gmt":"2014-01-14T17:37:59","guid":{"rendered":"http:\/\/dragoslavpuvaca.com\/?page_id=378"},"modified":"2017-07-20T08:07:31","modified_gmt":"2017-07-20T06:07:31","slug":"pocetna-8","status":"publish","type":"page","link":"https:\/\/tanjinpaprenjak.com\/index.php\/pocetna-8\/","title":{"rendered":"Po\u010detna"},"content":{"rendered":"<p>A &#8230; paprenjak? Ne, ne\u0107u vam prepisivati recepte. Nije da ih nemam po starim i novim kuharicama. I na internetu ih imate mali milijun. Odlu\u010dila sam da mi se tako zove blog, to mi je prvo palo na pamet, jo\u0161 prije Nove godine, a onda kad sam vidjela koliko paprenjaka ima skoro sam odustala (i od imena i od bloga). Palo je meni jo\u0161 puno naziva na pamet, al&#8217; nijedan mi nije bio tako dobar i jak. A i ta igra slova na hrvatskom jeziku papren + jak = paprenjak. I svi mi imamo tako (barem se nadam) neke svoje kola\u010di\u0107e za svaki dan. Pa reko&#8217; za\u0161to moraju biti samo oni jestivi. Mo\u017ee se &#8220;drobit&#8221; i na papir, a opet da je slatko i fino, a tu i tamo da pecne.<\/p>\n<h5>(iz <a title=\"Paprenjak\" href=\"http:\/\/tanjinpaprenjak.com\/?p=315\">Paprenjaka<\/a> 04\/03\/2013)<\/h5>\n","protected":false},"excerpt":{"rendered":"<p>A &#8230; paprenjak? Ne, ne\u0107u vam prepisivati recepte. Nije da ih nemam po starim i novim kuharicama. I na internetu &hellip;<\/p>\n<p><a href=\"https:\/\/tanjinpaprenjak.com\/index.php\/pocetna-8\/\">Continue reading &raquo;<\/a><\/p>\n","protected":false},"author":9192192,"featured_media":0,"parent":0,"menu_order":0,"comment_status":"closed","ping_status":"open","template":"","meta":{"footnotes":""},"yoast_head":"<!-- This site is optimized with the Yoast SEO plugin v23.5 - https:\/\/yoast.com\/wordpress\/plugins\/seo\/ -->\n<title>Po\u010detna - tanjinpaprenjak<\/title>\n<meta name=\"robots\" content=\"index, follow, max-snippet:-1, max-image-preview:large, max-video-preview:-1\" \/>\n<link rel=\"canonical\" href=\"https:\/\/tanjinpaprenjak.com\/index.php\/pocetna-8\/\" \/>\n<meta property=\"og:locale\" content=\"hr_HR\" \/>\n<meta property=\"og:type\" content=\"article\" \/>\n<meta property=\"og:title\" content=\"Po\u010detna - tanjinpaprenjak\" \/>\n<meta property=\"og:description\" content=\"A &#8230; paprenjak? Ne, ne\u0107u vam prepisivati recepte. Nije da ih nemam po starim i novim kuharicama. I na internetu &hellip;Continue reading &raquo;\" \/>\n<meta property=\"og:url\" content=\"https:\/\/tanjinpaprenjak.com\/index.php\/pocetna-8\/\" \/>\n<meta property=\"og:site_name\" content=\"tanjinpaprenjak\" \/>\n<meta property=\"article:publisher\" content=\"https:\/\/www.facebook.com\/Tanjinpaprenjak-440486719362721\/\" \/>\n<meta property=\"article:modified_time\" content=\"2017-07-20T06:07:31+00:00\" \/>\n<meta name=\"twitter:card\" content=\"summary_large_image\" \/>\n<meta name=\"twitter:label1\" content=\"Procijenjeno vrijeme \u010ditanja\" \/>\n\t<meta name=\"twitter:data1\" content=\"1 minuta\" \/>\n<script type=\"application\/ld+json\" class=\"yoast-schema-graph\">{\"@context\":\"https:\/\/schema.org\",\"@graph\":[{\"@type\":\"WebPage\",\"@id\":\"https:\/\/tanjinpaprenjak.com\/index.php\/pocetna-8\/\",\"url\":\"https:\/\/tanjinpaprenjak.com\/index.php\/pocetna-8\/\",\"name\":\"Po\u010detna - tanjinpaprenjak\",\"isPartOf\":{\"@id\":\"https:\/\/tanjinpaprenjak.com\/#website\"},\"datePublished\":\"2014-01-14T17:37:59+00:00\",\"dateModified\":\"2017-07-20T06:07:31+00:00\",\"breadcrumb\":{\"@id\":\"https:\/\/tanjinpaprenjak.com\/index.php\/pocetna-8\/#breadcrumb\"},\"inLanguage\":\"hr\",\"potentialAction\":[{\"@type\":\"ReadAction\",\"target\":[\"https:\/\/tanjinpaprenjak.com\/index.php\/pocetna-8\/\"]}]},{\"@type\":\"BreadcrumbList\",\"@id\":\"https:\/\/tanjinpaprenjak.com\/index.php\/pocetna-8\/#breadcrumb\",\"itemListElement\":[{\"@type\":\"ListItem\",\"position\":1,\"name\":\"Po\u010detna stranica\",\"item\":\"https:\/\/tanjinpaprenjak.com\/\"},{\"@type\":\"ListItem\",\"position\":2,\"name\":\"Po\u010detna\"}]},{\"@type\":\"WebSite\",\"@id\":\"https:\/\/tanjinpaprenjak.com\/#website\",\"url\":\"https:\/\/tanjinpaprenjak.com\/\",\"name\":\"tanjinpaprenjak\",\"description\":\"pri\u010de za skoro svaki dan...\",\"potentialAction\":[{\"@type\":\"SearchAction\",\"target\":{\"@type\":\"EntryPoint\",\"urlTemplate\":\"https:\/\/tanjinpaprenjak.com\/?s={search_term_string}\"},\"query-input\":{\"@type\":\"PropertyValueSpecification\",\"valueRequired\":true,\"valueName\":\"search_term_string\"}}],\"inLanguage\":\"hr\"}]}<\/script>\n<!-- \/ Yoast SEO plugin. -->","yoast_head_json":{"title":"Po\u010detna - tanjinpaprenjak","robots":{"index":"index","follow":"follow","max-snippet":"max-snippet:-1","max-image-preview":"max-image-preview:large","max-video-preview":"max-video-preview:-1"},"canonical":"https:\/\/tanjinpaprenjak.com\/index.php\/pocetna-8\/","og_locale":"hr_HR","og_type":"article","og_title":"Po\u010detna - tanjinpaprenjak","og_description":"A &#8230; paprenjak? Ne, ne\u0107u vam prepisivati recepte. Nije da ih nemam po starim i novim kuharicama. I na internetu &hellip;Continue reading &raquo;","og_url":"https:\/\/tanjinpaprenjak.com\/index.php\/pocetna-8\/","og_site_name":"tanjinpaprenjak","article_publisher":"https:\/\/www.facebook.com\/Tanjinpaprenjak-440486719362721\/","article_modified_time":"2017-07-20T06:07:31+00:00","twitter_card":"summary_large_image","twitter_misc":{"Procijenjeno vrijeme \u010ditanja":"1 minuta"},"schema":{"@context":"https:\/\/schema.org","@graph":[{"@type":"WebPage","@id":"https:\/\/tanjinpaprenjak.com\/index.php\/pocetna-8\/","url":"https:\/\/tanjinpaprenjak.com\/index.php\/pocetna-8\/","name":"Po\u010detna - tanjinpaprenjak","isPartOf":{"@id":"https:\/\/tanjinpaprenjak.com\/#website"},"datePublished":"2014-01-14T17:37:59+00:00","dateModified":"2017-07-20T06:07:31+00:00","breadcrumb":{"@id":"https:\/\/tanjinpaprenjak.com\/index.php\/pocetna-8\/#breadcrumb"},"inLanguage":"hr","potentialAction":[{"@type":"ReadAction","target":["https:\/\/tanjinpaprenjak.com\/index.php\/pocetna-8\/"]}]},{"@type":"BreadcrumbList","@id":"https:\/\/tanjinpaprenjak.com\/index.php\/pocetna-8\/#breadcrumb","itemListElement":[{"@type":"ListItem","position":1,"name":"Po\u010detna stranica","item":"https:\/\/tanjinpaprenjak.com\/"},{"@type":"ListItem","position":2,"name":"Po\u010detna"}]},{"@type":"WebSite","@id":"https:\/\/tanjinpaprenjak.com\/#website","url":"https:\/\/tanjinpaprenjak.com\/","name":"tanjinpaprenjak","description":"pri\u010de za skoro svaki dan...","potentialAction":[{"@type":"SearchAction","target":{"@type":"EntryPoint","urlTemplate":"https:\/\/tanjinpaprenjak.com\/?s={search_term_string}"},"query-input":{"@type":"PropertyValueSpecification","valueRequired":true,"valueName":"search_term_string"}}],"inLanguage":"hr"}]}},"_links":{"self":[{"href":"https:\/\/tanjinpaprenjak.com\/index.php\/wp-json\/wp\/v2\/pages\/378"}],"collection":[{"href":"https:\/\/tanjinpaprenjak.com\/index.php\/wp-json\/wp\/v2\/pages"}],"about":[{"href":"https:\/\/tanjinpaprenjak.com\/index.php\/wp-json\/wp\/v2\/types\/page"}],"author":[{"embeddable":true,"href":"https:\/\/tanjinpaprenjak.com\/index.php\/wp-json\/wp\/v2\/users\/9192192"}],"replies":[{"embeddable":true,"href":"https:\/\/tanjinpaprenjak.com\/index.php\/wp-json\/wp\/v2\/comments?post=378"}],"version-history":[{"count":7,"href":"https:\/\/tanjinpaprenjak.com\/index.php\/wp-json\/wp\/v2\/pages\/378\/revisions"}],"predecessor-version":[{"id":848,"href":"https:\/\/tanjinpaprenjak.com\/index.php\/wp-json\/wp\/v2\/pages\/378\/revisions\/848"}],"wp:attachment":[{"href":"https:\/\/tanjinpaprenjak.com\/index.php\/wp-json\/wp\/v2\/media?parent=378"}],"curies":[{"name":"wp","href":"https:\/\/api.w.org\/{rel}","templated":true}]}}